{"id":4689,"date":"2020-07-22T08:31:45","date_gmt":"2020-07-22T05:31:45","guid":{"rendered":"https:\/\/ninaplastika.com\/?page_id=4689"},"modified":"2021-05-19T19:57:23","modified_gmt":"2021-05-19T16:57:23","slug":"nenaleikkaus-virossa","status":"publish","type":"page","link":"https:\/\/ninaplastika.com\/fi\/nenaleikkaus-virossa\/","title":{"rendered":"Nen\u00e4leikkaus Virossa"},"content":{"rendered":"<p>T\u00e4ydenpalvelun nena\u0308leikkaus Virossa!<\/p>\n<p>Kilpailukykyinen hinta sis\u00e4lt\u00e4\u00e4 parhaan mahdollisen ja\u0308lkihoidon Suomessa.<\/p>\n<p>Leikkausmatkaja\u0308rjestelyt vuosien kokemuksella tarjoaa yhteisty\u00f6ss\u00e4 kanssamme <a href=\"https:\/\/www.plastikakirurgiafinest.ee\/\" target=\"_blank\" rel=\"noopener\">Plastikakirurgia Finest<\/a>. Tyytyva\u0308isyytesi ja turvallisuutesi on meille ta\u0308rkea\u0308a\u0308.<\/p>\n<p>&nbsp;<\/p>\n<p>\u00a0 \u00a0 <img decoding=\"async\" class=\"alignnone  wp-image-4706\" src=\"https:\/\/ninaplastika.com\/wp-content\/uploads\/2020\/07\/Finest-agents-300x210.jpg\" alt=\"\" width=\"221\" height=\"155\" srcset=\"https:\/\/ninaplastika.com\/wp-content\/uploads\/2020\/07\/Finest-agents-300x210.jpg 300w, https:\/\/ninaplastika.com\/wp-content\/uploads\/2020\/07\/Finest-agents.jpg 632w\" sizes=\"(max-width: 221px) 100vw, 221px\" \/>\u00a0 \u00a0 \u00a0 \u00a0 \u00a0 \u00a0 \u00a0 <img decoding=\"async\" class=\"alignnone  wp-image-4326\" src=\"https:\/\/ninaplastika.com\/wp-content\/uploads\/2019\/09\/finest-logo-300x132.png\" alt=\"\" width=\"243\" height=\"107\" srcset=\"https:\/\/ninaplastika.com\/wp-content\/uploads\/2019\/09\/finest-logo-300x132.png 300w, https:\/\/ninaplastika.com\/wp-content\/uploads\/2019\/09\/finest-logo-768x339.png 768w, https:\/\/ninaplastika.com\/wp-content\/uploads\/2019\/09\/finest-logo-1024x451.png 1024w, https:\/\/ninaplastika.com\/wp-content\/uploads\/2019\/09\/finest-logo.png 1200w\" sizes=\"(max-width: 243px) 100vw, 243px\" \/>\u00a0 \u00a0 \u00a0\u00a0<\/p>\n<p>&nbsp;<\/p>\n<div style=\"width: 1200px;\" class=\"wp-video\"><video class=\"wp-video-shortcode\" id=\"video-4689-1\" width=\"1200\" height=\"675\" preload=\"metadata\" controls=\"controls\"><source type=\"video\/mp4\" src=\"https:\/\/ninaplastika.com\/wp-content\/uploads\/2021\/05\/Nenaleikkaus.mp4?_=1\" \/><a href=\"https:\/\/ninaplastika.com\/wp-content\/uploads\/2021\/05\/Nenaleikkaus.mp4\">https:\/\/ninaplastika.com\/wp-content\/uploads\/2021\/05\/Nenaleikkaus.mp4<\/a><\/video><\/div>\n<p>&nbsp;<\/p>\n<p>&nbsp;<\/p>\n<p><a href=\"https:\/\/www.instagram.com\/dr_priit_kasenomm\/\" target=\"_blank\" rel=\"noopener\">Seuraa meit\u00e4 Instagramissa<\/a><\/p>\n","protected":false},"excerpt":{"rendered":"<p>T\u00e4ydenpalvelun nena\u0308leikkaus Virossa! Kilpailukykyinen hinta sis\u00e4lt\u00e4\u00e4 parhaan mahdollisen ja\u0308lkihoidon Suomessa. Leikkausmatkaja\u0308rjestelyt vuosien kokemuksella tarjoaa yhteisty\u00f6ss\u00e4 kanssamme Plastikakirurgia Finest. Tyytyva\u0308isyytesi ja turvallisuutesi on meille ta\u0308rkea\u0308a\u0308. &nbsp; \u00a0 \u00a0 \u00a0 \u00a0 \u00a0 \u00a0 \u00a0 \u00a0 \u00a0 \u00a0 \u00a0 \u00a0\u00a0 &nbsp; &nbsp; &nbsp; Seuraa meit\u00e4 Instagramissa<\/p>\n","protected":false},"author":2,"featured_media":0,"parent":0,"menu_order":0,"comment_status":"closed","ping_status":"closed","template":"","meta":{"generate_page_header":"","footnotes":""},"class_list":{"0":"post-4689","1":"page","2":"type-page","3":"status-publish","5":"no-featured-image-padding"},"_links":{"self":[{"href":"https:\/\/ninaplastika.com\/fi\/wp-json\/wp\/v2\/pages\/4689","targetHints":{"allow":["GET"]}}],"collection":[{"href":"https:\/\/ninaplastika.com\/fi\/wp-json\/wp\/v2\/pages"}],"about":[{"href":"https:\/\/ninaplastika.com\/fi\/wp-json\/wp\/v2\/types\/page"}],"author":[{"embeddable":true,"href":"https:\/\/ninaplastika.com\/fi\/wp-json\/wp\/v2\/users\/2"}],"replies":[{"embeddable":true,"href":"https:\/\/ninaplastika.com\/fi\/wp-json\/wp\/v2\/comments?post=4689"}],"version-history":[{"count":11,"href":"https:\/\/ninaplastika.com\/fi\/wp-json\/wp\/v2\/pages\/4689\/revisions"}],"predecessor-version":[{"id":5197,"href":"https:\/\/ninaplastika.com\/fi\/wp-json\/wp\/v2\/pages\/4689\/revisions\/5197"}],"wp:attachment":[{"href":"https:\/\/ninaplastika.com\/fi\/wp-json\/wp\/v2\/media?parent=4689"}],"curies":[{"name":"wp","href":"https:\/\/api.w.org\/{rel}","templated":true}]}}