{"id":1919,"date":"2016-12-09T11:54:05","date_gmt":"2016-12-09T08:54:05","guid":{"rendered":"http:\/\/priit.veebikoda.com\/?page_id=1919\/"},"modified":"2025-12-13T14:16:05","modified_gmt":"2025-12-13T12:16:05","slug":"nenaleikkaus-korjaava-nenaleikkaus-rhinoplastia","status":"publish","type":"page","link":"https:\/\/ninaplastika.com\/fi\/nenaleikkaus-korjaava-nenaleikkaus-rhinoplastia\/","title":{"rendered":"Nen\u00e4leikkaus. Korjaava nen\u00e4leikkaus. Rinoplastia."},"content":{"rendered":"<p><strong>Rinoplastia<\/strong> (nen\u00e4n muotoilu) on toimenpide, jossa muutetaan nen\u00e4n muotoa ja kokoa. Rinoplastia voi tulla kyseeseen seuraavissa tapauksissa:<\/p>\n<ul>\n<li>Nen\u00e4n muoto tai koko ei ole tyydytt\u00e4v\u00e4. Nen\u00e4 vaikuttaa liian suurelta tai pienelt\u00e4 tai ei sovi mittasuhteiltaan kasvoihin<\/li>\n<li>Nen\u00e4n selk\u00e4 on joko liian leve\u00e4, korkea (ky\u00f6mynen\u00e4) tai matala (ns. satulanen\u00e4)<\/li>\n<li>Nen\u00e4n k\u00e4rki on liian painunut, yl\u00f6sp\u00e4in k\u00e4\u00e4ntynyt, liian esiin ty\u00f6ntyv\u00e4 (pitk\u00e4) tai leve\u00e4<\/li>\n<li>Sierainten muoto tai koko ei ole miellytt\u00e4v\u00e4. Sieraimet saattavat olla liian isot, n\u00e4kyv\u00e4t tai leve\u00e4t<\/li>\n<li>Nen\u00e4 on vino tai deformoitunut aiemman vamman takia tai synnynn\u00e4isesti<\/li>\n<\/ul>\n<p>Nen\u00e4n korjausleikkauksessa on kaksi p\u00e4\u00e4menetelm\u00e4\u00e4: suljettu (nen\u00e4nsis\u00e4inen) ja avoin (ulkoinen) nen\u00e4leikkaus.<\/p>\n<p><strong>Suljetun tekniikan nen\u00e4leikkauksessa<\/strong> kaikki tarvittavat viillot tehd\u00e4\u00e4n nen\u00e4n eteisess\u00e4 tai nen\u00e4ontelon sis\u00e4pinnalla. T\u00e4m\u00e4n vuoksi ulkoisesti n\u00e4kyvi\u00e4 arpia ei synny.<\/p>\n<p><img fetchpriority=\"high\" decoding=\"async\" class=\" wp-image-4787 alignleft\" src=\"https:\/\/ninaplastika.com\/wp-content\/uploads\/2020\/09\/ninaplastika5-284x300.jpg\" alt=\"\" width=\"259\" height=\"274\" srcset=\"https:\/\/ninaplastika.com\/wp-content\/uploads\/2020\/09\/ninaplastika5-284x300.jpg 284w, https:\/\/ninaplastika.com\/wp-content\/uploads\/2020\/09\/ninaplastika5.jpg 603w\" sizes=\"(max-width: 259px) 100vw, 259px\" \/><\/p>\n<p>Koska suljetussa rinoplastiikassa leikkaus tehd\u00e4\u00e4n sierainten kautta, menetelm\u00e4n haittapuolena on heikompi n\u00e4kyvyys. T\u00e4st\u00e4 huolimatta kokenut kirurgi pystyy toteuttamaan kaikki tarvittavat muutokset sek\u00e4 nen\u00e4n sel\u00e4n ett\u00e4 nen\u00e4n k\u00e4rjen alueella. Suljetulla menetelm\u00e4ll\u00e4 on useita etuja. Ensinn\u00e4kin kirurgi n\u00e4kee nen\u00e4n muodon muutokset leikkauksen aikana ik\u00e4\u00e4n kuin reaaliajassa, eik\u00e4 vasta leikkauksen lopussa kuten avoimessa menetelm\u00e4ss\u00e4. Toiseksi suljettu menetelm\u00e4 on v\u00e4hemm\u00e4n traumaattinen, mink\u00e4 vuoksi toipuminen on nopeampaa. P\u00e4\u00e4asiassa n\u00e4ist\u00e4 syist\u00e4 suljettu menetelm\u00e4 on k\u00e4yt\u00e4nn\u00f6ss\u00e4mme ensisijainen.<\/p>\n<p><strong>Avoimen tekniikan nen\u00e4leikkauksessa <\/strong>nen\u00e4n sis\u00e4isten viiltojen lis\u00e4ksi tehd\u00e4\u00e4n lis\u00e4viilto sierainten v\u00e4liseen ihoon. Mik\u00e4li t\u00e4m\u00e4 viilto tehd\u00e4\u00e4n oikein ja suljetaan huolellisesti, arpi j\u00e4\u00e4 tuskin havaittavaksi. Avoimen menetelm\u00e4n etuna on parempi p\u00e4\u00e4sy kaikkiin nen\u00e4n luisiin ja rustoisiin rakenteisiin. Avoimella menetelm\u00e4ll\u00e4 on kuitenkin my\u00f6s useita haittoja: suurempi leikkaustrauma, siit\u00e4 johtuva pidempi paranemisaika sek\u00e4 hieman huonommin ennustettava lopputulos. K\u00e4yt\u00e4mme avoimen l\u00e4hestymistavan menetelm\u00e4\u00e4 k\u00e4yt\u00e4nn\u00f6ss\u00e4mme p\u00e4\u00e4asiassa kahdesta syyst\u00e4: uusintaleikkauksissa tai eritt\u00e4in voimakkaasti ep\u00e4muodostuneen nen\u00e4n tapauksissa.<\/p>\n<h3><strong>Leikkausta edelt\u00e4v\u00e4 konsultaatio<\/strong><\/h3>\n<p>Suomesta tuleville potilaille sopii ensisijaisesti <a href=\"https:\/\/ninaplastika.com\/fi\/virtuaalikonsultaatio\/\">VIRTUAALIKONSULTAATIO<\/a><\/p>\n<p>T\u00e4ll\u00f6in ei ole tarpeen tulla erikseen vastaanotolle Kotka Yksityissairaalaan Tallinnaan.<\/p>\n<h3><\/h3>\n<h3><strong>Nen\u00e4leikkaus vaihe vaiheelta<\/strong><\/h3>\n<p>Nen\u00e4leikkaus koostuu kolmesta p\u00e4\u00e4vaiheesta: nen\u00e4n sel\u00e4n korjauksesta, nen\u00e4n k\u00e4rjen korjauksesta sek\u00e4 sierainten ja nen\u00e4nsiivekkeiden muodon ja koon korjauksesta. <img decoding=\"async\" class=\" wp-image-5010 alignright\" src=\"https:\/\/ninaplastika.com\/wp-content\/uploads\/2020\/12\/Rhinoplasty11122020-277x300.jpg\" alt=\"\" width=\"264\" height=\"286\" srcset=\"https:\/\/ninaplastika.com\/wp-content\/uploads\/2020\/12\/Rhinoplasty11122020-277x300.jpg 277w, https:\/\/ninaplastika.com\/wp-content\/uploads\/2020\/12\/Rhinoplasty11122020.jpg 577w\" sizes=\"(max-width: 264px) 100vw, 264px\" \/>Jokainen vaihe voidaan suorittaa my\u00f6s omana toimenpiteen\u00e4\u00e4n. Monilta potilailta tarvitsee esimerkiksi vain poistaa ky\u00f6my ja toivottu esteettinen lopputulos onkin saavutettu. Joiltakin potilailta, joista valtaosa on miehi\u00e4, tarvitsee korjata vain nen\u00e4n vinous tai deformaatio, ja n\u00e4iss\u00e4 tapauksissa tarvitsee yleens\u00e4 k\u00e4sitell\u00e4 vain nen\u00e4n sel\u00e4n aluetta. Jotkut potilaat taas haluavat vain nen\u00e4n k\u00e4rjen muotoa ja kokoa muotoiltavan nen\u00e4n selk\u00e4\u00e4n koskematta. Silloin t\u00e4ll\u00f6in potilas haluaa vain sierainten ja nen\u00e4nsiivekkeiden muotoa ja kokoa paranneltavan. Joissain tapauksissa nen\u00e4leikkauksen yhteydess\u00e4 korjataan my\u00f6s nen\u00e4n v\u00e4lisein\u00e4\u00e4 (septoplastia) ja t\u00e4ll\u00f6in toimenpide on nimelt\u00e4\u00e4n septorinoplastia.<\/p>\n<p>Mik\u00e4li rinoplastia sis\u00e4lt\u00e4\u00e4 kaikki edell\u00e4 mainitut vaiheet, ne suoritetaan seuraavassa j\u00e4rjestyksess\u00e4:<\/p>\n<p><strong>Nen\u00e4n sel\u00e4n korjaus<\/strong>, jonka tavoitteena on tavallisesti madaltaa tai korottaa nen\u00e4n selk\u00e4\u00e4, kaventaa tai levent\u00e4\u00e4 sit\u00e4 ja\/tai korjata vinoutta. Esteettisess\u00e4 rinoplastiassa ylivoimaisesti yleisin toive on nen\u00e4n sel\u00e4n madaltaminen (kyhmyn poisto) ja kaventaminen. Nen\u00e4n selk\u00e4\u00e4 voidaan madaltaa useilla eri menetelmill\u00e4. Yleens\u00e4 kyhmyn poiston j\u00e4lkeen on tarpeen k\u00e4ytt\u00e4\u00e4 lastaa, joka poistetaan viikon kuluttua. Alla olevassa kuvassa n\u00e4kyy v\u00e4lit\u00f6n tulos kyhmyn poiston j\u00e4lkeen. Selv\u00e4sti harvemmin tarvitaan nen\u00e4n sel\u00e4n t\u00e4ytt\u00f6\u00e4 korkeuden lis\u00e4\u00e4miseksi. T\u00e4ll\u00f6in lieviss\u00e4 tapauksissa k\u00e4ytet\u00e4\u00e4n nen\u00e4n v\u00e4lisein\u00e4st\u00e4 tai korvalehdest\u00e4 otettua rustoa ja vaikeammissa tapauksissa kylkirustoa.<\/p>\n<p><img decoding=\"async\" class=\"alignnone size-medium wp-image-5175\" src=\"https:\/\/ninaplastika.com\/wp-content\/uploads\/2021\/04\/20210403_163538_0000-300x300.png\" alt=\"\" width=\"300\" height=\"300\" srcset=\"https:\/\/ninaplastika.com\/wp-content\/uploads\/2021\/04\/20210403_163538_0000-300x300.png 300w, https:\/\/ninaplastika.com\/wp-content\/uploads\/2021\/04\/20210403_163538_0000-1024x1024.png 1024w, https:\/\/ninaplastika.com\/wp-content\/uploads\/2021\/04\/20210403_163538_0000-150x150.png 150w, https:\/\/ninaplastika.com\/wp-content\/uploads\/2021\/04\/20210403_163538_0000-768x768.png 768w, https:\/\/ninaplastika.com\/wp-content\/uploads\/2021\/04\/20210403_163538_0000.png 1080w\" sizes=\"(max-width: 300px) 100vw, 300px\" \/><\/p>\n<p>Nen\u00e4n k\u00e4rjen korjaus. Esteettisess\u00e4 rinoplastiassa yleisin toive on tehd\u00e4 nen\u00e4n k\u00e4rjest\u00e4 lyhyempi ja kapeampi sek\u00e4 kohottaa sit\u00e4 enemm\u00e4n tai v\u00e4hemm\u00e4n. Nen\u00e4n k\u00e4rjen muodon muuttamiseen k\u00e4ytett\u00e4vi\u00e4 tekniikoita on eritt\u00e4in paljon, ja useimmilla kirurgeilla on oma l\u00e4hestymistapansa halutun lopputuloksen saavuttamiseksi. Alla olevassa valokuvassa n\u00e4kyy v\u00e4lit\u00f6n tulos ennen ja j\u00e4lkeen leikkauksen, jonka tavoitteena oli kyhmyn poisto ja nen\u00e4n k\u00e4rjen estetiikan parantaminen.<\/p>\n<p><img loading=\"lazy\" decoding=\"async\" class=\"alignnone size-medium wp-image-5904\" src=\"https:\/\/ninaplastika.com\/wp-content\/uploads\/2025\/01\/nina-tipp-300x237.jpg\" alt=\"\" width=\"300\" height=\"237\" srcset=\"https:\/\/ninaplastika.com\/wp-content\/uploads\/2025\/01\/nina-tipp-300x237.jpg 300w, https:\/\/ninaplastika.com\/wp-content\/uploads\/2025\/01\/nina-tipp-1024x808.jpg 1024w, https:\/\/ninaplastika.com\/wp-content\/uploads\/2025\/01\/nina-tipp-768x606.jpg 768w, https:\/\/ninaplastika.com\/wp-content\/uploads\/2025\/01\/nina-tipp.jpg 1080w\" sizes=\"(max-width: 300px) 100vw, 300px\" \/><\/p>\n<p>Sierainten muodon ja koon korjaus. P\u00e4\u00e4asialliset menetelm\u00e4t ovat nen\u00e4n siipien tilavuuden pienent\u00e4minen (engl. alar wedge excision) ja\/tai sierainten koon pienent\u00e4minen (engl. nostril sill excision) tai n\u00e4iden yhdistelm\u00e4. N\u00e4m\u00e4 toimenpiteet suoritetaan leikkauksen viimeisess\u00e4 vaiheessa. On huomioitava, ett\u00e4 n\u00e4ist\u00e4 toimenpiteist\u00e4 j\u00e4\u00e4 ulkoisia arpia. Kun viillot tehd\u00e4\u00e4n normaalien anatomisten rajojen puitteissa, arvet j\u00e4\u00e4v\u00e4t useimmissa tapauksissa huomaamattomiksi.<\/p>\n<p><img loading=\"lazy\" decoding=\"async\" class=\"alignnone size-medium wp-image-4726\" src=\"https:\/\/ninaplastika.com\/wp-content\/uploads\/2020\/07\/alar_wedge_excision-1-300x207.jpg\" alt=\"\" width=\"300\" height=\"207\" srcset=\"https:\/\/ninaplastika.com\/wp-content\/uploads\/2020\/07\/alar_wedge_excision-1-300x207.jpg 300w, https:\/\/ninaplastika.com\/wp-content\/uploads\/2020\/07\/alar_wedge_excision-1-1024x706.jpg 1024w, https:\/\/ninaplastika.com\/wp-content\/uploads\/2020\/07\/alar_wedge_excision-1-768x529.jpg 768w, https:\/\/ninaplastika.com\/wp-content\/uploads\/2020\/07\/alar_wedge_excision-1.jpg 1045w\" sizes=\"(max-width: 300px) 100vw, 300px\" \/><\/p>\n<h3><\/h3>\n<h3><strong>Varhainen leikkauksen j\u00e4lkeinen aika <\/strong><\/h3>\n<p>Mik\u00e4li rinoplastian j\u00e4lkeen nen\u00e4n v\u00e4lisein\u00e4n tueksi on asetettu silikonilevyt molempiin nen\u00e4onteloihin, ne poistetaan 1\u20137 p\u00e4iv\u00e4n kuluttua. Ulkoisesti nen\u00e4lle asetettu lasta poistetaan my\u00f6s 7 p\u00e4iv\u00e4n kuluttua. Ompeleina k\u00e4ytet\u00e4\u00e4n useimmiten itsest\u00e4\u00e4n sulavia lankoja, joita ei tarvitse poistaa. Monissa tapauksissa k\u00e4ytet\u00e4\u00e4n sierainten muotoa tukevia silikoniputkia eli nostril retainers.<\/p>\n<p>Leikkauksen j\u00e4lkeen turvotus voi aiheuttaa nen\u00e4hengityksen vaikeutumista, mik\u00e4 yleens\u00e4 helpottuu 3\u20134 viikon kuluessa. Silmien ymp\u00e4rille voi muodostua mustelmia. Nen\u00e4n ulkoinen turvotus ja mustelmat ovat voimakkaimmillaan 3\u20134 p\u00e4iv\u00e4\u00e4 leikkauksen j\u00e4lkeen. Mustelmat ja suurin osa turvotuksesta h\u00e4vi\u00e4v\u00e4t ensimm\u00e4isten 2\u20133 viikon aikana.<\/p>\n<p>Leikkauksen j\u00e4lkeinen kipu on yleens\u00e4 liev\u00e4\u00e4 tai kohtalaista. Kipul\u00e4\u00e4kkein\u00e4 k\u00e4ytet\u00e4\u00e4n apteekista ilman resepti\u00e4 saatavia l\u00e4\u00e4kkeit\u00e4 (parasetamoli, ibuprofeeni). Useimmissa tapauksissa leikkauksen j\u00e4lkeen m\u00e4\u00e4r\u00e4t\u00e4\u00e4n suun kautta otettava antibioottikuuri. Sieraimia ja ulkoisia haavoja tulee hoitaa antibioottivoiteella 1\u20132 viikon ajan. Leikkauksen j\u00e4lkeisest\u00e4 hoidosta kerrotaan tarkemmin <a href=\"https:\/\/ninaplastika.com\/fi\/leikkauksen-jalkeinen-hoito\/\">t\u00e4\u00e4ll\u00e4<\/a>.<\/p>\n<h3><strong>Toipuminen<\/strong><\/h3>\n<p>Lastan poiston j\u00e4lkeen nen\u00e4 ei ole viel\u00e4 saavuttanut lopullista muotoaan. Lopullinen paraneminen ja turvotuksen lasku ovat hyvin yksil\u00f6llisi\u00e4 ja riippuvat leikkauksen laajuudesta, ihotyypist\u00e4 sek\u00e4 potilaan kudosreaktiosta. Ensimm\u00e4isi\u00e4 arvioita rinoplastian onnistumisesta voidaan tehd\u00e4 1 kuukauden kuluttua. Suurin osa paranemisprosessista on tapahtunut 6 kuukauden kohdalla. Lopullinen paraneminen kest\u00e4\u00e4 12 kuukautta ja paksuihoisilla potilailla jopa 24 kuukautta. Paranemisajan loppuun saakka nen\u00e4n tuntoh\u00e4iri\u00f6t ovat mahdollisia. Ne johtuvat kirurgisesta traumasta ja h\u00e4vi\u00e4v\u00e4t ihon hermotuksen palautuessa. Puutumisen lis\u00e4ksi nen\u00e4n k\u00e4rki voi aluksi tuntua kosketettaessa kovalta ja j\u00e4yk\u00e4lt\u00e4. T\u00e4m\u00e4 johtuu leikkauksen j\u00e4lkeisest\u00e4 turvotuksesta, joka pit\u00e4\u00e4 kudokset j\u00e4nnittynein\u00e4. Turvotuksen v\u00e4hentyess\u00e4 nen\u00e4 muuttuu v\u00e4hitellen pehme\u00e4mm\u00e4ksi ja liikkuvammaksi.<\/p>\n<p>Katso tulokset <a href=\"https:\/\/ninaplastika.com\/fi\/galleria-kauneuskirurgiset-nenaplastiikan-leikkaukset\/\">kotisivustolta<\/a> tai <a href=\"https:\/\/www.instagram.com\/dr_priit_kasenomm\/\" target=\"_blank\" rel=\"noopener\">Instagramista<\/a>.<\/p>\n<h3><strong>Uusintaleikkaus <\/strong><\/h3>\n<p>Suurin osa uusintaleikkauksista tehd\u00e4\u00e4n pienten poikkeamien korjaamiseksi. Niit\u00e4 esiintyy noin 15\u201320 %:ssa tapauksista ensisijaisen rinoplastian j\u00e4lkeen. T\u00e4llainen pieni korjaus tehd\u00e4\u00e4n yleisanestesiassa ja kest\u00e4\u00e4 noin 30 minuuttia. Selv\u00e4sti harvemmin, noin 3\u20135 %:ssa tapauksista, tarvitaan laajempi uusintarinoplastia. Se tehd\u00e4\u00e4n silloin, kun leikkauksen j\u00e4lkeen kehittyy merkitt\u00e4vi\u00e4 muutoksia nen\u00e4n muodossa, kuten nen\u00e4n k\u00e4rjen painuminen tai deformaatio, merkitt\u00e4v\u00e4 nen\u00e4n ulkoinen vinous tai ep\u00e4symmetria. Useimmissa tapauksissa laajempi uusintarinoplastia edellytt\u00e4\u00e4 my\u00f6s kylkiruston k\u00e4ytt\u00f6\u00e4 nen\u00e4n sis\u00e4isten rakenteiden rekonstruktiota varten, sill\u00e4 ep\u00e4onnistuneen rinoplastian syyt piilev\u00e4t usein potilaan omien nen\u00e4n v\u00e4lisein\u00e4n tai nen\u00e4n k\u00e4rjen rustojen luontaisesti heikossa rakenteessa. Muiden syiden joukossa merkitt\u00e4v\u00e4ll\u00e4 sijalla on leikkauksen j\u00e4lkeinen nen\u00e4n tulehdus, joka voi my\u00f6s johtaa nen\u00e4n ep\u00e4muodostumiseen.<\/p>\n<p><strong>Huomioitavaa:<\/strong> Jos uusintaleikkausta tarvitaan, sinulta ei veloiteta kirurgin palkkiota, vaan maksettavaksesi j\u00e4\u00e4v\u00e4t vain muut kulut kuten nukutus, tarvittavat verikokeet ja l\u00e4\u00e4kkeet sek\u00e4 vuodep\u00e4iv\u00e4maksu.<\/p>\n<h3>NEN\u00c4LEIKKAUS LYHYESTI<\/h3>\n<ul>\n<li><strong>Leikkausta edelt\u00e4v\u00e4 valmistautuminen:<\/strong> Ole sy\u00f6m\u00e4tt\u00e4 ja juomatta kuusi tuntia ennen leikkausta. Verikokeissa voi k\u00e4yd\u00e4 kotimaassa viikkoa ennen leikkausta tai ne voidaan tehd\u00e4 my\u00f6s paikan p\u00e4\u00e4ll\u00e4 leikkausp\u00e4iv\u00e4n aamuna<\/li>\n<li><strong>Anestesiatyyppi:<\/strong>\u00a0Yleisanestesia (nukutus)<\/li>\n<li><strong>Leikkauksen kesto:<\/strong> 2\u20134 tuntia<\/li>\n<li><strong>Sairaalassaoloaika:<\/strong> Kotiutus seuraavana p\u00e4iv\u00e4n\u00e4<\/li>\n<li><strong>Leikkauksen j\u00e4lkeinen kipu:<\/strong> Liev\u00e4st\u00e4 kohtuulliseen. Tavalliset kipul\u00e4\u00e4kkeet riitt\u00e4v\u00e4t kivun lievitykseen<\/li>\n<li><strong>Verenpurkaumat silm\u00e4nymp\u00e4ryksiss\u00e4:<\/strong> enint\u00e4\u00e4n 14 p\u00e4iv\u00e4\u00e4; joillakin potilailla ei esiinny lainkaan<\/li>\n<li><strong>Lastat ja levyt:<\/strong> Jos niit\u00e4 k\u00e4ytet\u00e4\u00e4n, ne poistetaan 7 p\u00e4iv\u00e4n j\u00e4lkeen<\/li>\n<li><strong>Ompeleet:<\/strong> Yleens\u00e4 k\u00e4ytet\u00e4\u00e4n itsesulavia ompeleita, joita ei tarvitse poistaa<\/li>\n<li><strong>Fyysinen aktiivisuus:<\/strong> Kevytt\u00e4 liikuntaa kahden viikon ajan leikkauksen j\u00e4lkeen, t\u00e4ysipainoista harjoittelua nelj\u00e4n viikon j\u00e4lkeen<\/li>\n<li><strong>Lopullinen muoto:<\/strong>\u00a0Alustava arvio kuukauden kuluttua, arvioitu tulos kuuden kuukauden kuluttua ja lopullinen tulos vuoden kuluttua<\/li>\n<\/ul>\n<p><img loading=\"lazy\" decoding=\"async\" class=\"alignnone size-medium wp-image-5161\" src=\"https:\/\/ninaplastika.com\/wp-content\/uploads\/2021\/03\/DSC_9774klk-1-300x249.jpg\" alt=\"\" width=\"300\" height=\"249\" srcset=\"https:\/\/ninaplastika.com\/wp-content\/uploads\/2021\/03\/DSC_9774klk-1-300x249.jpg 300w, https:\/\/ninaplastika.com\/wp-content\/uploads\/2021\/03\/DSC_9774klk-1-1024x849.jpg 1024w, https:\/\/ninaplastika.com\/wp-content\/uploads\/2021\/03\/DSC_9774klk-1-768x637.jpg 768w, https:\/\/ninaplastika.com\/wp-content\/uploads\/2021\/03\/DSC_9774klk-1-1536x1273.jpg 1536w, https:\/\/ninaplastika.com\/wp-content\/uploads\/2021\/03\/DSC_9774klk-1-2048x1697.jpg 2048w\" sizes=\"(max-width: 300px) 100vw, 300px\" \/> <img loading=\"lazy\" decoding=\"async\" class=\"alignnone size-medium wp-image-5154\" src=\"https:\/\/ninaplastika.com\/wp-content\/uploads\/2021\/03\/DSC_9793klk-300x250.jpg\" alt=\"\" width=\"300\" height=\"250\" srcset=\"https:\/\/ninaplastika.com\/wp-content\/uploads\/2021\/03\/DSC_9793klk-300x250.jpg 300w, https:\/\/ninaplastika.com\/wp-content\/uploads\/2021\/03\/DSC_9793klk-1024x852.jpg 1024w, https:\/\/ninaplastika.com\/wp-content\/uploads\/2021\/03\/DSC_9793klk-768x639.jpg 768w, https:\/\/ninaplastika.com\/wp-content\/uploads\/2021\/03\/DSC_9793klk-1536x1278.jpg 1536w, https:\/\/ninaplastika.com\/wp-content\/uploads\/2021\/03\/DSC_9793klk-2048x1704.jpg 2048w\" sizes=\"(max-width: 300px) 100vw, 300px\" \/><\/p>\n<div style=\"width: 1200px;\" class=\"wp-video\"><video class=\"wp-video-shortcode\" id=\"video-1919-1\" width=\"1200\" height=\"675\" preload=\"metadata\" controls=\"controls\"><source type=\"video\/mp4\" src=\"https:\/\/ninaplastika.com\/wp-content\/uploads\/2021\/05\/Nenaleikkaus.mp4?_=1\" \/><a href=\"https:\/\/ninaplastika.com\/wp-content\/uploads\/2021\/05\/Nenaleikkaus.mp4\">https:\/\/ninaplastika.com\/wp-content\/uploads\/2021\/05\/Nenaleikkaus.mp4<\/a><\/video><\/div>\n","protected":false},"excerpt":{"rendered":"<p>Rinoplastia (nen\u00e4n muotoilu) on toimenpide, jossa muutetaan nen\u00e4n muotoa ja kokoa. Rinoplastia voi tulla kyseeseen seuraavissa tapauksissa: Nen\u00e4n muoto tai koko ei ole tyydytt\u00e4v\u00e4. Nen\u00e4 vaikuttaa liian suurelta tai pienelt\u00e4 tai ei sovi mittasuhteiltaan kasvoihin Nen\u00e4n selk\u00e4 on joko liian leve\u00e4, korkea (ky\u00f6mynen\u00e4) tai matala (ns. satulanen\u00e4) Nen\u00e4n k\u00e4rki on liian painunut, yl\u00f6sp\u00e4in k\u00e4\u00e4ntynyt, liian &#8230; <\/p>\n<p class=\"read-more-container\"><a title=\"Nen\u00e4leikkaus. Korjaava nen\u00e4leikkaus. Rinoplastia.\" class=\"read-more button\" href=\"https:\/\/ninaplastika.com\/fi\/nenaleikkaus-korjaava-nenaleikkaus-rhinoplastia\/#more-1919\" aria-label=\"Lue lis\u00e4\u00e4 aiheesta Nen\u00e4leikkaus. Korjaava nen\u00e4leikkaus. Rinoplastia.\">Loe edasi &raquo;<\/a><\/p>\n","protected":false},"author":1,"featured_media":0,"parent":0,"menu_order":0,"comment_status":"closed","ping_status":"closed","template":"","meta":{"generate_page_header":"","footnotes":""},"class_list":{"0":"post-1919","1":"page","2":"type-page","3":"status-publish","5":"no-featured-image-padding"},"_links":{"self":[{"href":"https:\/\/ninaplastika.com\/fi\/wp-json\/wp\/v2\/pages\/1919","targetHints":{"allow":["GET"]}}],"collection":[{"href":"https:\/\/ninaplastika.com\/fi\/wp-json\/wp\/v2\/pages"}],"about":[{"href":"https:\/\/ninaplastika.com\/fi\/wp-json\/wp\/v2\/types\/page"}],"author":[{"embeddable":true,"href":"https:\/\/ninaplastika.com\/fi\/wp-json\/wp\/v2\/users\/1"}],"replies":[{"embeddable":true,"href":"https:\/\/ninaplastika.com\/fi\/wp-json\/wp\/v2\/comments?post=1919"}],"version-history":[{"count":35,"href":"https:\/\/ninaplastika.com\/fi\/wp-json\/wp\/v2\/pages\/1919\/revisions"}],"predecessor-version":[{"id":5995,"href":"https:\/\/ninaplastika.com\/fi\/wp-json\/wp\/v2\/pages\/1919\/revisions\/5995"}],"wp:attachment":[{"href":"https:\/\/ninaplastika.com\/fi\/wp-json\/wp\/v2\/media?parent=1919"}],"curies":[{"name":"wp","href":"https:\/\/api.w.org\/{rel}","templated":true}]}}